{"id":816,"date":"2023-04-19T06:32:33","date_gmt":"2023-04-19T06:32:33","guid":{"rendered":"https:\/\/calisel.it\/it\/?page_id=816"},"modified":"2025-06-03T18:56:14","modified_gmt":"2025-06-03T18:56:14","slug":"condizioni-generali","status":"publish","type":"page","link":"https:\/\/calisel.it\/it\/condizioni-generali","title":{"rendered":"Condizioni Generali"},"content":{"rendered":"<section class=\"wpb-content-wrapper\"><p>[vc_row][vc_column][vc_column_text]<\/p>\n<h1 style=\"text-align: center;\"><strong>\u00a0<\/strong><\/h1>\n<p style=\"text-align: center;\">Il Regolamento dell\u2019Agriturismo \u00e8 stato ideato per garantire un ordinato e pacifico utilizzo della struttura.<br \/>\nLa prenotazione ed il check-in implicano la completa accettazione da parte degli ospiti delle Condizioni Generali.<\/p>\n<h1 style=\"text-align: center;\"><\/h1>\n<p>[\/vc_column_text][\/vc_column][vc_column][vc_tta_accordion][vc_tta_section title=&#8221;REGOLAMENTO GENERALE&#8221; tab_id=&#8221;1748976947941-ed0b5c0e-8e27&#8243;][vc_column_text]<\/p>\n<h4 style=\"text-align: center;\"><strong>PRENOTAZIONI<\/strong><\/h4>\n<p style=\"text-align: center;\">Le prenotazioni e le cancellazioni vengono accettate solo per iscritto. La prenotazione pu\u00f2 essere effettuata direttamente dal sito internet oppure tramite e-mail.<br \/>\nLa prenotazione tramite il sito internet richiede il pagamento con carta di credito dell\u2019intero soggiorno, eccetto la tassa di soggiorno, di 2,5 euro a persona (dai 14 anni) al giorno, da corrispondere in contanti, sul posto al check-out. La prenotazione tramite e-mail comportano il versamento di una caparra del 50%.<\/p>\n<h4 style=\"text-align: center;\"><strong>POLITICHE DI CANCELLAZIONE<\/strong><\/h4>\n<p style=\"text-align: center;\">Salvo per promozioni ove la politica di rimborso \u00e8 differente ed \u00e8 indicata al momento della prenotazione, fino a 15 giorni prima della data del check-in la cancellazione \u00e8 gratuita e verr\u00e0 restituito l\u2019intero importo addebitato o versato, da14 giorni fino a 24 ore prima del check-in verr\u00e0 trattenuto l\u2019intero costo della prima notte e verr\u00e0 restituita la rimanente parte. In caso di cancellazione tardiva \u2013 meno di 24 ore dal check-in \u2013 o di mancato arrivo \u2013 no show \u2013 sar\u00e0 addebitato l\u2019intero importo del soggiorno prenotato. Le prenotazioni non rimborsabili non saranno rimborsate in alcun caso.<\/p>\n<h4 style=\"text-align: center;\"><strong>PREZZI<\/strong><\/h4>\n<p style=\"text-align: center;\">I prezzi indicati sono intesi a notte, per stanza, per un minimo di due notti e comprendono la prima colazione. Per soggiorni di una sola notte \u00e8 applicato un supplemento di 10 euro. Per soggiorni di almeno cinque notti \u00e8 applicato uno sconto del 10%. Per i bambini fino a 2 anni il soggiorno \u00e8 gratuito. Il prezzo della camera comprende la pulizia e il cambio degli asciugamani ogni due giorni, il cambio delle lenzuola ogni quattro giorni. La pulizia quotidiana \u00e8 disponibile a richiesta al momento della prenotazione con il supplemento di 10 euro al giorno.<\/p>\n<h5 style=\"text-align: center;\">TASSA DI SOGGIORNO<\/h5>\n<p style=\"text-align: center;\">Ai prezzi indicati va aggiunta la tassa soggiorno pari a 2,5 euro a persona e a giorno (a partire dai 14 anni). L&#8217;imposta \u00e8 da pagare sul posto.<\/p>\n<h4 style=\"text-align: center;\"><strong>CHECK-IN \/ OUT<\/strong><\/h4>\n<p style=\"text-align: center;\">Il check-in \u00e8 dalle 15:00 e chiude alle 19:30. Orari diversi possono essere concordati al momento della prenotazione. Vi chiediamo cortesemente di chiamarci quando siete in arrivo per comunicarci l\u2019ora precisa di arrivo. ll check-out \u00e8 entro le 11:00. Per il late check-out entro le 15:00 sar\u00e0 applicato il 75% della tariffa giornaliera. Per late check-out dopo le 15:00 sar\u00e0 applicata l\u2019intera tariffa giornaliera. In caso di partenza anticipata ci riserviamo il diritto di addebitare l&#8217;importo delle camere prenotate fino alla data di partenza prevista. \u00c8 assolutamente necessario presentarsi muniti di documento di identit\u00e0 valido (carta d\u2019identit\u00e0 \u2013 passaporto \u2013 patente di guida). Il documento \u00e8 richiesto per tutte le persone che accedono alla struttura, compresi i minorenni (bambini e\/o ragazzi).<\/p>\n<h4 style=\"text-align: center;\"><strong>CHIAVI<\/strong><\/h4>\n<p style=\"text-align: center;\">All\u2019arrivo l\u2019ospite ricever\u00e0 le chiavi e\/o una chiave RFID di ingresso, da riconsegnare obbligatoriamente al momento della partenza.<br \/>\nL\u2019eventuale smarrimento delle chiavi e del cancello dovr\u00e0 essere tempestivamente comunicato alla reception e i relativi costi di sostituzione pari a 50\u20ac saranno interamente addebitati.<\/p>\n<h5 style=\"text-align: center;\">CULLA PER NEONATO<\/h5>\n<p style=\"text-align: center;\">Nelle camere doppie e nella camera tripla\u00a0 \u00e8 possibile aggiungere, su richiesta al momento della prenotazione, la culla per neonato.<\/p>\n<h4 style=\"text-align: center;\"><strong>PARCHEGGIO<\/strong><\/h4>\n<p style=\"text-align: center;\">La struttura dispone di un parcheggio gratuito videosorvegliato non coperto.<\/p>\n<h4 style=\"text-align: center;\"><strong>COLAZIONE<\/strong><\/h4>\n<p style=\"text-align: center;\">La colazione \u00e8 normalmente servita a buffet dolce e salato, dalle 8:30 alle 10:30 nella sala colazioni al piano terra dell\u2019edificio principale. Orari diversi possono essere concordati al momento della prenotazione. Vi preghiamo di farci sapere se avete esigenze particolari per la prima colazione, se avete allergie o intolleranze. Saremo lieti di proporvi degli alimenti alternativi.<\/p>\n<h4 style=\"text-align: center;\"><strong>PULIZIA<\/strong><\/h4>\n<p style=\"text-align: center;\">Nel costo della camera \u00e8 compresa la pulizia e il cambio degli asciugamani ogni due giorni, il cambio delle lenzuola ogni quattro giorni. La pulizia quotidiana \u00e8 disponibile a richiesta al momento della prenotazione con il supplemento di 10 euro al giorno. La pulizia delle camere e degli ambienti comuni viene eseguita con la massima cura ed attenzione, per garantire agli ospiti la sensazione di essere le prime persone ad alloggiare qui. Prima della partenza il personale addetto potr\u00e0 verificare lo stato dell\u2019appartamento e della sua dotazione.<\/p>\n<h4 style=\"text-align: center;\"><strong>FRIGO BAR<\/strong><\/h4>\n<p style=\"text-align: center;\">Tutto quanto presente nella camera e nel frigo bar al momento del check-in, \u00e8 compreso nel costo della camera. Il refill di acqua, succhi di frutta e vino durante il soggiorno, \u00e8 invece a pagamento.<\/p>\n<h4 style=\"text-align: center;\"><strong>VARIE<\/strong><\/h4>\n<p style=\"text-align: center;\">\u00c8 vietato fumare in tutte\u00a0 zone della struttura, comprese le camere e la SPA. \u00c8 consentito fumare nei giardini, utilizzando gli appositi posacenere.<br \/>\nGli ospiti saranno ritenuti responsabili di eventuali perdite o danni alle stanze causati da loro stessi, dai loro amici o da chiunque sia responsabile. La direzione non \u00e8 responsabile degli oggetti personali e di valore degli ospiti, come denaro, gioielli o qualsiasi altro oggetto di valore lasciato dagli ospiti nelle camere. E\u2019 vietato l\u2019accesso alla struttura a persone non espressamente autorizzate dal gestore della struttura.<br \/>\nNon \u00e8 consentito introdurre nelle camere biciclette o altri mezzi di locomozione.<br \/>\nNon \u00e8 consentito l\u2019accesso alle camere a persone diverse da quelle registrate. La struttura \u00e8 videosorvegliata per motivi di sicurezza e per garantirvi un soggiorno sicuro e piacevole.<\/p>\n<h4 style=\"text-align: center;\"><strong>REGOLAMENTO SPA<br \/>\n<\/strong><\/h4>\n<p style=\"text-align: center;\">L\u2019accesso alla SPA \u00e8 riservato esclusivamente agli ospiti dell\u2019agriturismo che abbiano accettato il regolamento. Prima di accedere nel giardino, \u00e8 necessario leggere con attenzione il regolamento, l&#8217;accesso alla zona preclude la piena dichiarazione di presa visione e responsabilit\u00e0.<\/p>\n<h4 style=\"text-align: center;\"><strong>RESPONSABILIT\u00c0<\/strong><\/h4>\n<p style=\"text-align: center;\">Gli ospiti saranno ritenuti responsabili di eventuali perdite o danni alle stanze causati da loro stessi, dai propri animali domestici, dai loro amici o da chiunque sia responsabile. La direzione non \u00e8 responsabile degli oggetti personali e di valore degli ospiti, come denaro, gioielli o qualsiasi altro oggetto di valore lasciato dagli ospiti nelle camere.<\/p>\n<h4 style=\"text-align: center;\"><strong>PERMANENZA NEGLI APPARTAMENTI<\/strong><\/h4>\n<p style=\"text-align: center;\">L\u2019ospite \u00e8 pregato di segnalare immediatamente qualsiasi incongruenza o danno, la direzione provveder\u00e0 immediatamente alla sostituzione\/riparazione.<br \/>\n\u00c8 a disposizione il collegamento gratuito alla rete wi-fi, di cui saranno fornite le credenziali di accesso all\u2019arrivo.<br \/>\nL\u2019ospite \u00e8 tenuto a utilizzare con cura gli arredi e le attrezzature degli appartamenti esclusivamente per gli scopi previsti.<br \/>\nNon \u00e8 consentito spostare le dotazioni e gli arredi all\u2019esterno degli appartamenti.<br \/>\nPer il decoro e il rispetto delle parti comuni, non \u00e8 consentito lasciare scarpe, ciabatte, giocattoli nelle scale, fuori dalla porta e in ogni caso nelle aree comuni.<br \/>\nIn caso di danneggiamento delle dotazioni e degli arredi che esuli dalla normale usura e la sottrazione di biancheria, sar\u00e0 interamente addebitato all\u2019ospite il costo del danno e dell\u2019ammanco.<br \/>\n\u00c8 severamente VIETATO FUMARE negli appartamenti.<\/p>\n<h4 style=\"text-align: center;\">RIFIUTI DOMESTICI<\/h4>\n<p style=\"text-align: center;\">La raccolta differenziata \u00e8 obbligatoria. Gli ospiti sono pregati di gettare i rifiuti domestici negli appositi contenitori presenti.<\/p>\n<p style=\"text-align: center;\">\u00c8 quindi severamente vietato gettare a terra qualsiasi genere di rifiuti e mozziconi di sigaretta.<\/p>\n<h4 style=\"text-align: center;\"><strong>RUMORE<\/strong><\/h4>\n<p style=\"text-align: center;\">Gli edifici risalenti al XIX Secolo sono ristrutturati secondo le pi\u00f9 moderne tecniche tuttavia per i vincoli strutturali e per garantire a tutti un piacevole soggiorno, gli ospiti sono pregati di rispettare la quiete, sia all\u2019interno sia all\u2019esterno degli appartamenti, nei seguenti orari:<\/p>\n<p style=\"text-align: center;\">dalle 13.00 alle 15.00 in orario diurno<\/p>\n<p style=\"text-align: center;\">dalle 23.00 alle 8.30 del mattino.<\/p>\n<h4 style=\"text-align: center;\"><strong>SERVIZI SUPPLEMENTARI A PAGAMENTO<\/strong><\/h4>\n<p style=\"text-align: center;\">\u00c8 possibile richiedere cambi supplementari di biancheria al costo di 20\u20ac per cambio completo.<\/p>\n<p>[\/vc_column_text][\/vc_tta_section][vc_tta_section title=&#8221;PARCHEGGIO (Auto e Bici)&#8221; tab_id=&#8221;1748976947959-f254e1ff-406b&#8221;][vc_column_text]<\/p>\n<h5 style=\"text-align: center;\">Auto<\/h5>\n<p style=\"text-align: center;\">Potete parcheggiare l&#8217;auto nel nostro parcheggio privato e videosorvegliato. <a href=\"https:\/\/maps.app.goo.gl\/nH26KxPCtXURW7U27\">Clicca qui<\/a> per la posizione.<\/p>\n<h5 style=\"text-align: center;\">Biciclette<\/h5>\n<p style=\"text-align: center;\">Un parcheggio sicuro, sottochiave e privato \u00e8 a disposizione per le vostre bici. Per favore chiedeteci informazioni al vostro arrivo e vi forniremo tutti i dettagli.<\/p>\n<p style=\"text-align: center;\">E&#8217; severamente VIETATO portare biciclette, monopattini, skateboard nelle camere, eventuali danni dovuti alla mancata osservazione di questa norma vi saranno addebitati.<\/p>\n<p>[\/vc_column_text][\/vc_tta_section][vc_tta_section title=&#8221;ISTRUZIONI D&#8217;USO, NORME DI COMPORTAMENTO E REGOLAMENTO DI ACCESSO SPA&#8221; tab_id=&#8221;1748976947973-f8bb76a7-f75e&#8221;][vc_column_text]<\/p>\n<ol>\n<li style=\"text-align: center;\"><strong>E<\/strong><strong>\u2019 <\/strong><strong>strettamente vietato allontanarsi dall<\/strong><strong>\u2019<\/strong><strong>idromassaggio ed accedere all<\/strong><strong>\u2019<\/strong><strong>Agriturismo in costume da bagno e comunque a torso nudo.<\/strong><\/li>\n<li style=\"text-align: center;\">I frequentatori devono mantenere un comportamento corretto ed educato fra loro e con il personale di servizio; sono invitati quindi ad abbassare il volume delle suonerie dei telefoni cellulari, degli apparecchi radio e sonori in genere ed a parlare con toni consoni all\u2019ambiente che li circonda. Non si urla.<\/li>\n<li style=\"text-align: center;\">\u00c8 vietato il topless; \u00e8 inoltre obbligatorio indossare il costume da bagno per accedere alle vasche ed utilizzare ciabatte, che vanno riposte in modo ordinato.<\/li>\n<li style=\"text-align: center;\">\u00c8 obbligatorio depositare i rifiuti negli appositi contenitori. Si invitano gli ospiti ad effettuare la raccolta differenziata.<\/li>\n<li style=\"text-align: center;\">L\u2019acqua e\u2019 un bene prezioso, si prega quindi di evitarne unuso indiscriminato.<\/li>\n<li style=\"text-align: center;\">\u00c8 severamente vietato scavalcare cancelli e recinzioni; per accedere alla vasca <strong>e\u2019 <\/strong><strong>obbligatorio<\/strong> passare dalla vasca lavapiedi e per entrare in acqua \u00e8 indispensabile effettuare\u00a0 la doccia.<\/li>\n<li style=\"text-align: center;\">Si raccomanda la massima cura e diligenza nell\u2019utilizzo degli arredi mobili a disposizione e si prega di segnalare eventuali problemi delle attrezzature.<\/li>\n<li style=\"text-align: center;\">Si pregano i frequentatori di sorvegliare i propri effetti personali, la Direzione non risponde di eventuali furti o smarrimenti.<\/li>\n<li style=\"text-align: center;\">\u00c8 assolutamente vietato l\u2019utilizzo della piscina al di fuori dell\u2019orario di apertura; la struttura declina ogni responsabilit\u00e0 per eventuali incidenti che possano occorrere.<\/li>\n<li style=\"text-align: center;\">L\u2019ingresso della piscina \u00e8 riservato agli ospiti dell\u2019<\/li>\n<li style=\"text-align: center;\">\u00c8 vietato ai bambini e ragazzi di et\u00e0 inferiore ai 18 anni l\u2019accesso alla piscina se non accompagnati da una persona adulta.<\/li>\n<li style=\"text-align: center;\">\u00c8 vietato entrare in acqua in presenza di ferite, abrasioni, verruche, medicamenti e cerotti; \u00e8 severamente vietato sputare, soffiarsi il naso, urinare in acqua e fare il bagno con indumenti intimi indossati sotto al costume.<\/li>\n<li style=\"text-align: center;\">E\u2019 severamente <strong>vietato fumare<\/strong> nel giardino.<\/li>\n<li style=\"text-align: center;\"><strong>E<\/strong><strong>\u2019<\/strong><strong> vietato tuffarsi<\/strong> in acqua con rincorsa e\/o spingere persone in acqua.<\/li>\n<li style=\"text-align: center;\">E\u2019 vietato introdurre in acqua qualsiasi oggetto che non sia messo a disposizione della Direzione; \u00e8 vietato giocare con palloni di qualsiasi tipo.<\/li>\n<li style=\"text-align: center;\">E\u2019 vietato introdurre animali all\u2019interno della piscina; si pregano i frequentatori di tenerli al guinzaglio. Eventuali bisogni degli animali devono essere raccolti e buttati nei cestini dell\u2019<\/li>\n<li style=\"text-align: center;\">Si raccomanda di non entrare in vasca a meno di tre ore dal consumo di un pasto.<\/li>\n<li style=\"text-align: center;\">I frequentatori della piscina possono utilizzare lo spogliatoio ed i servizi igienici segnalati.<\/li>\n<li style=\"text-align: center;\">Per emergenze sanitarie chiamare il n\u00b0 112 del Ponto Soccorso.<\/li>\n<\/ol>\n<p style=\"text-align: center;\"><strong>LA TRASGRESSIONE DI ALMENO UNA DELLE REGOLE INDICATE COMPORTER<\/strong><strong>\u00c0<\/strong><strong> L<\/strong><strong>\u2019<\/strong><strong>ALLONTANAMENTO IMMEDIATO.<\/strong><\/p>\n<p style=\"text-align: center;\">Costume ammesso solo nella zona piscina. Al di fuori di tali spazi si prega di indossare indumenti consoni e decorosi.<\/p>\n<p>&nbsp;<\/p>\n<h4 style=\"text-align: center;\"><strong>ISTRUZIONI D&#8217;USO<\/strong><\/h4>\n<p style=\"text-align: center;\">Premere il tasto 1\u00a0 MEM per sbloccare la tastiera.<\/p>\n<p style=\"text-align: center;\">Premere il tasto 2 per avviare il sistema.<\/p>\n<p style=\"text-align: center;\">Premere i tasti 3 per avviare le pompe.<\/p>\n<p style=\"text-align: center;\">Premere il tasto 4 per Pompa aria.<\/p>\n<p style=\"text-align: center;\">AL TERMINE DELL&#8217;UTILIZZO PREMERE IL TASTO 1 MEM E SPEGNERE LA SPA.<\/p>\n<p><img loading=\"lazy\" decoding=\"async\" class=\"aligncenter wp-image-875 size-full\" src=\"https:\/\/calisel.it\/wp-content\/uploads\/2023\/06\/dimhora-pannello.png\" alt=\"\" width=\"996\" height=\"605\" srcset=\"https:\/\/calisel.it\/wp-content\/uploads\/2023\/06\/dimhora-pannello.png 996w, https:\/\/calisel.it\/wp-content\/uploads\/2023\/06\/dimhora-pannello-300x182.png 300w, https:\/\/calisel.it\/wp-content\/uploads\/2023\/06\/dimhora-pannello-768x467.png 768w\" sizes=\"auto, (max-width: 996px) 100vw, 996px\" \/>[\/vc_column_text][\/vc_tta_section][vc_tta_section title=&#8221;INFORMATIVA SUL TRATTAMENTO DEI DATI PERSONALI&#8221; tab_id=&#8221;1748976947987-4470270a-f0e9&#8243;][vc_column_text]<\/p>\n<p style=\"text-align: center;\">trattati tramite SISTEMA DI VIDEOSORVEGLIANZA<br \/>\nresa ai sensi dell\u2019art. 13 del Reg. UE 2016\/679 (GDPR) e dell\u2019art. 3.1 del Provvedimento del 8.4.2010 in materia di videosorveglianza dell\u2019Autorit\u00e0 Garante per la protezione dei dati personali &#8211; Linee guida EDPB 3\/2019 sul trattamento dei dati personali attraverso dispositivi video Versione 2.0 Adottate il 29\/01\/2020<br \/>\nIl Titolare del trattamento ha installato all\u2019interno e all\u2019esterno dell\u2019azienda un impianto di Videosorveglianza nel rispetto della disciplina in tema di protezione dei dati personali e dello Statuto dei Lavoratori.<br \/>\nNell\u2019area videosorvegliata sono presenti cartelli che avvisano della presenza dell\u2019impianto, posizionati in modo tale da informare l\u2019interessato prima di essere ripreso.<\/p>\n<h4 style=\"text-align: center;\">Titolare del trattamento<\/h4>\n<p style=\"text-align: center;\">Il Titolare del trattamento \u00e8 BUSO Mario con residenza in Via Calisel di Fontana 15 31049 Valdobbiadene (TV) Dati di contatto: 0423901108 \u2013 info@guia.wine<br \/>\nResponsabile della Protezione dei Dati (RPD o DPO)<br \/>\nSTESSO<\/p>\n<h4 style=\"text-align: center;\">Dati trattati e Finalit\u00e0 del trattamento<\/h4>\n<p style=\"text-align: center;\">I dati personali trattati sono le immagini di persone che si trovino nel raggio di azione delle telecamere. Tali immagini sono trattate esclusivamente per tutelare il patrimonio aziendale e la sicurezza delle persone, costituendo un mezzo di prevenzione rispetto al compimento di atti illeciti e, eventualmente, un mezzo per coadiuvare Forze dell\u2019Ordine e\/o Autorit\u00e0 Giudiziaria ad individuare i responsabili di tali atti.<br \/>\nLe immagini di lavoratori non potranno, in nessun caso, essere utilizzate per la contestazione di addebiti di natura disciplinare.<\/p>\n<h4 style=\"text-align: center;\">Base giuridica del trattamento<\/h4>\n<p style=\"text-align: center;\">Ai sensi dell\u2019articolo 6, comma 1, lettera f) del GDPR, la base giuridica del trattamento \u00e8 costituita dal LEGITTIMO INTERESSE del Titolare volto al perseguimento delle finalit\u00e0 sopra esposte.<br \/>\nModalit\u00e0 di trattamento e Periodo di Conservazione dei dati<br \/>\nIl trattamento avviene con l\u2019utilizzo di strumenti elettronici.<br \/>\nI dati vengono conservati su supporto informatico per 3 giorni (72 h) o per il maggior tempo strettamente necessario in conseguenza di festivit\u00e0 e chiusure aziendali; al termine del periodo di conservazione le immagini saranno cancellate automaticamente dal sistema.<\/p>\n<h4 style=\"text-align: center;\"><strong>Natura obbligatoria\/facoltativa del conferimento dei dati<\/strong><\/h4>\n<p style=\"text-align: center;\">Sono stati affissi cartelli che indicano la presenza delle telecamere prima del loro raggio d\u2019azione: si pu\u00f2 decidere di non entrare nel raggio d\u2019azione delle telecamere, ma, se vi si entra, il conferimento dei dati (ovvero la propria immagine ripresa dalle telecamere) \u00e8 obbligatorio.<\/p>\n<h4 style=\"text-align: center;\">Comunicazione dei dati<\/h4>\n<p style=\"text-align: center;\">I dati potranno essere trattati da personale interno debitamente formato ed istruito (autorizzato al trattamento ai sensi dell\u2019art. 29 del GDPR o dell\u2019art. 2 quaterdecies del D.Lgs. 101\/2018) nonch\u00e9 da soggetti terzi, nominati Responsabili del Trattamento ai sensi dell\u2019art. 28 del GDPR o Amministratori di Sistema ai sensi del provvedimento del Garante del 27.11.2008.<br \/>\nL\u2019elenco aggiornato dei Responsabili e delle persone autorizzate al trattamento dei dati \u00e8 consultabile mediante richiesta all\u2019indirizzo di posta elettronica: info@guia.wine.<br \/>\nI dati potranno essere comunicati all\u2019esterno solo su richiesta dell\u2019Autorit\u00e0 giudiziaria e\/o delle Forze dell\u2019Ordine.<\/p>\n<h4 style=\"text-align: center;\">Trasferimento dei dati<\/h4>\n<p style=\"text-align: center;\">La gestione e la conservazione dei dati personali avverranno su server del Titolare del trattamento e\/o di soggetti terzi debitamente nominati quali Responsabili del trattamento, ubicati all\u2019interno dell\u2019Unione Europea. Il Titolare, ove si rendesse necessario, avr\u00e0 facolt\u00e0 di spostare l\u2019ubicazione dei server in Paesi extra-UE, assicurando sin d\u2019ora che il trasferimento dei dati extra-UE avverr\u00e0 in conformit\u00e0 agli artt. 44 ss. del Regolamento ed alle disposizioni di legge applicabili stipulando, se necessario, accordi che garantiscano un livello di protezione adeguato. In particolare, dovr\u00e0 garantire che adeguate misure tecniche e organizzative siano approntate affinch\u00e9 il trattamento soddisfi i requisiti del Codice Privacy e del GDPR, che sia assicurata la protezione dei diritti dei Terzi interessati, che i trasferimenti dei dati possano essere tracciati e che le opportune misure di sicurezza possano essere documentate.<\/p>\n<h4 style=\"text-align: center;\">Diritti dell\u2019interessato<\/h4>\n<p style=\"text-align: center;\">In ogni momento potr\u00e0 esercitare i Suoi diritti nei confronti del Titolare del trattamento, ai sensi degli artt. 15-22 GDPR (tra cui accesso, rettifica, cancellazione, limitazione, opposizione), ove ci\u00f2 non contrasti con norme di legge e sia tecnicamente possibile, inviando una mail a info@guia.wine oppure una comunicazione scritta presso la sede del titolare del trattamento. E\u2019 facolt\u00e0 dell\u2019interessato scrivere al responsabile della protezione dei dati personali info@guia.wine, nonch\u00e8\u2019, sar\u00e0 sempre possibile presentare reclamo all\u2019autorit\u00e0 di controllo tramite la procedura reperibile su www.garanteprivacy.it<\/p>\n<h4 style=\"text-align: center;\">Modifiche alla presente Informativa<\/h4>\n<p style=\"text-align: center;\">La presente Informativa potr\u00e0 subire delle variazioni. Il Titolare del Trattamento si impegna a rendere disponibile all\u2019interessato la versione pi\u00f9 aggiornata. Si consiglia, quindi, di controllarla regolarmente.<\/p>\n<p>[\/vc_column_text][\/vc_tta_section][\/vc_tta_accordion][\/vc_column][vc_column][\/vc_column][\/vc_row]<\/p>\n<\/section>","protected":false},"excerpt":{"rendered":"<p>[vc_row][vc_column][vc_column_text] \u00a0 Il Regolamento dell\u2019Agriturismo \u00e8 stato ideato per garantire un ordinato e pacifico utilizzo della struttura. La prenotazione ed il check-in implicano la completa accettazione da parte degli ospiti delle Condizioni Generali. [\/vc_column_text][\/vc_column][vc_column][vc_tta_accordion][vc_tta_section title=&#8221;REGOLAMENTO GENERALE&#8221; tab_id=&#8221;1748976947941-ed0b5c0e-8e27&#8243;][vc_column_text] PRENOTAZIONI Le prenotazioni e le cancellazioni vengono accettate solo per iscritto. La prenotazione pu\u00f2 essere effettuata direttamente dal [&hellip;]<\/p>\n","protected":false},"author":1,"featured_media":688,"parent":0,"menu_order":0,"comment_status":"closed","ping_status":"closed","template":"","meta":{"footnotes":""},"class_list":["post-816","page","type-page","status-publish","has-post-thumbnail","hentry"],"_links":{"self":[{"href":"https:\/\/calisel.it\/it\/wp-json\/wp\/v2\/pages\/816","targetHints":{"allow":["GET"]}}],"collection":[{"href":"https:\/\/calisel.it\/it\/wp-json\/wp\/v2\/pages"}],"about":[{"href":"https:\/\/calisel.it\/it\/wp-json\/wp\/v2\/types\/page"}],"author":[{"embeddable":true,"href":"https:\/\/calisel.it\/it\/wp-json\/wp\/v2\/users\/1"}],"replies":[{"embeddable":true,"href":"https:\/\/calisel.it\/it\/wp-json\/wp\/v2\/comments?post=816"}],"version-history":[{"count":17,"href":"https:\/\/calisel.it\/it\/wp-json\/wp\/v2\/pages\/816\/revisions"}],"predecessor-version":[{"id":972,"href":"https:\/\/calisel.it\/it\/wp-json\/wp\/v2\/pages\/816\/revisions\/972"}],"wp:featuredmedia":[{"embeddable":true,"href":"https:\/\/calisel.it\/it\/wp-json\/wp\/v2\/media\/688"}],"wp:attachment":[{"href":"https:\/\/calisel.it\/it\/wp-json\/wp\/v2\/media?parent=816"}],"curies":[{"name":"wp","href":"https:\/\/api.w.org\/{rel}","templated":true}]}}